{"id":3,"date":"2024-10-14T16:31:43","date_gmt":"2024-10-14T14:31:43","guid":{"rendered":"http:\/\/www.basalteconstruction.com\/?page_id=3"},"modified":"2024-12-24T10:23:39","modified_gmt":"2024-12-24T09:23:39","slug":"politique-de-confidentialite","status":"publish","type":"page","link":"https:\/\/www.basalteconstruction.com\/index.php\/politique-de-confidentialite\/","title":{"rendered":"Politique de confidentialit\u00e9"},"content":{"rendered":"<div  class=\"tatsu-B1WhOJStlyl tatsu-section  tatsu-bg-overlay   tatsu-clearfix\" data-title=\"\"  data-headerscheme=\"background--dark\"><div class='tatsu-section-pad clearfix' data-padding='{\"d\":\"90px 400px 90px 400px\",\"m\":\"90px 0px 90px 0px\"}' data-padding-top='90px'><div class=\"tatsu-row-wrap  tatsu-wrap tatsu-row-one-col tatsu-row-has-one-cols tatsu-medium-gutter tatsu-reg-cols  tatsu-clearfix tatsu-Hyl3OJHFl1l\" ><div  class=\"tatsu-row \" ><div  class=\"tatsu-column  tatsu-bg-overlay tatsu-one-col tatsu-column-image-none tatsu-column-effect-none  tatsu-ry3_kBtg1g\"  data-parallax-speed=\"0\" style=\"\"><div class=\"tatsu-column-inner \" ><div class=\"tatsu-column-pad-wrap\"><div class=\"tatsu-column-pad\" > <div  class=\"tatsu-dropcap-wrap tatsu-module style2  tatsu-Hkw77rKeyx  \"  ><h6 class=\"tatsu-dropcap\" >Confidentialit\u00e9<\/h6><style>.tatsu-Hkw77rKeyx .tatsu-dropcap{font-size: 60px;color: rgba(164,166,152,0.2) ;}<\/style><\/div><div  class=\"tatsu-module tatsu-normal-icon tatsu-icon-shortcode align-none tatsu-Sy4vTe_Syx   \"><style>.tatsu-Sy4vTe_Syx .tatsu-icon{background-color: rgba(13,13,13,1);color: #ffffff ;}.tatsu-Sy4vTe_Syx{border-width: 0px 0px 0px 0px;}<\/style><a href=\"#\"  class=\"tatsu-icon-wrap circle  tatsu-animate    \" data-animation=\"fadeIn\"   aria-label=\"icon-icon_pens\" data-gdpr-atts={}   ><i class=\"tatsu-icon tatsu-custom-icon tatsu-custom-icon-class icon-icon_pens small circle\"  data-animation=\"fadeIn\" data-animation-delay=\"0\"><\/i><\/a><\/div><div  class=\"tatsu-module tatsu-animated-heading-wrap anime_slide_cursor  tatsu-HkFWZBFxJl   \"  data-anime-type=\"anime_slide_cursor\" data-anime-duration=\"20\" ><div class=\"tatsu-animated-heading-inner-wrap\" ><h5 class=\"tatsu-animated-heading-inner\">BASALTE<\/h5><span class=\"tatsu-animated-heading-line tatsu-animated-heading-line2\"><\/span><\/div><style>.tatsu-HkFWZBFxJl.tatsu-animated-heading-wrap{text-align: left;}.tatsu-HkFWZBFxJl .tatsu-animated-heading-inner{color: rgba(13,13,13,1) ;font-family : \"Outfit\",-apple-system,BlinkMacSystemFont,'Segoe UI',Roboto,Oxygen-Sans,Ubuntu,Cantarell,'Helvetica Neue',sans-serif;font-weight : 700;}.tatsu-HkFWZBFxJl .tatsu-animated-heading-line{background: rgba(13,13,13,1);}.tatsu-HkFWZBFxJl{padding: 0px 0px 30px 0px;}@media only screen and (max-width: 767px) {.tatsu-HkFWZBFxJl{padding: 0px 0px 30px 0px;}}<\/style><\/div><div  class=\"tatsu-module tatsu-text-block-wrap tatsu-huz2k8os76a4fk8q  \"><div class=\"tatsu-text-inner tatsu-align-center  clearfix\" ><style>.tatsu-huz2k8os76a4fk8q.tatsu-text-block-wrap .tatsu-text-inner{width: 100%;text-align: left;}.tatsu-huz2k8os76a4fk8q.tatsu-text-block-wrap{margin: 0px 0px 40px 0px;}.tatsu-huz2k8os76a4fk8q.tatsu-text-block-wrap .tatsu-text-inner *{}<\/style><p><\/p>\n<h4 class=\"wp-block-heading\"><strong>Introduction<\/strong><\/h4>\n<p><\/p>\n<p>Dans le cadre de son activit\u00e9, <strong>BASALTE<\/strong>, dont le si\u00e8ge social est situ\u00e9 au 49 Rue de Roubaix, 59242 Templeuve-en-P\u00e9v\u00e8le est amen\u00e9e \u00e0 collecter et \u00e0 traiter des informations dont certaines sont qualifi\u00e9es de \u00ab donn\u00e9es personnelles \u00bb. <strong>BASALTE<\/strong> attache une grande importance au respect de la vie priv\u00e9e, et n\u2019utilise que des donnes de mani\u00e8re responsable et confidentielle et dans une finalit\u00e9 pr\u00e9cise.<\/p>\n<h4><strong>Donn\u00e9es personnelles<\/strong><\/h4>\n<p><\/p>\n<p>Sur le site web <strong>www.basalteconstruction.com<\/strong>, il y a 2 types de donn\u00e9es susceptibles d\u2019\u00eatre recueillies :<\/p>\n<ul>\n<li><strong>Les donn\u00e9es transmises directement<\/strong><br \/>Ces donn\u00e9es sont celles que vous nous transmettez directement, via un formulaire de contact ou bien par contact direct par email. Sont obligatoires dans le formulaire de contact :\n<ul>\n<li>Nom<\/li>\n<li>Pr\u00e9nom<\/li>\n<li>Adresse mail<\/li>\n<\/ul>\n<\/li>\n<\/ul>\n<ul>\n<li><strong>Les donn\u00e9es collect\u00e9es automatiquement<\/strong><br \/>Lors de vos visites, une fois votre consentement donn\u00e9, nous pouvons recueillir des informations de type \u00ab web analytics \u00bb relatives \u00e0 votre navigation, la dur\u00e9e de votre consultation, votre adresse IP, votre type et version de navigateur. La technologie utilis\u00e9e est le cookie.<\/li>\n<\/ul>\n<h4 class=\"elementor-heading-title elementor-size-default\"><strong>Utilisation des donn\u00e9es<\/strong><\/h4>\n<p><\/p>\n<p>Les donn\u00e9es que vous nous transmettez directement sont utilis\u00e9es dans le but de vous re-contacter et\/ou dans le cadre de la demande que vous nous faites. Les donn\u00e9es \u00ab web analytics \u00bb sont collect\u00e9es de forme anonyme (en enregistrant des adresses IP anonymes) par Google Analytics, et nous permettent de mesurer l\u2019audience de notre site web, les consultations et les \u00e9ventuelles erreurs afin d\u2019am\u00e9liorer constamment l\u2019exp\u00e9rience des utilisateurs. Ces donn\u00e9es sont utilis\u00e9es par <strong>Basalte<\/strong>, responsable du traitement des donn\u00e9es, et ne seront jamais c\u00e9d\u00e9es \u00e0 un tiers ni utilis\u00e9es \u00e0 d\u2019autres fins que celles d\u00e9taill\u00e9es ci-dessus.<\/p>\n<p><\/p>\n<h4 class=\"elementor-heading-title elementor-size-default wp-block-heading\"><strong>Dur\u00e9e de conservation<\/strong><\/h4>\n<p><\/p>\n<p>Les donn\u00e9es seront sauvegard\u00e9es durant une dur\u00e9e maximale de 3 ans.<\/p>\n<p><\/p>\n<h4 class=\"wp-block-heading\"><strong>Cookies<\/strong><\/h4>\n<p><\/p>\n<p>L\u2019utilisateur est inform\u00e9 que lors de ses visites sur le site <strong>www.basalteconstruction.com<\/strong>, un ou des cookies sont susceptible de s\u2019installer automatiquement sur son ordinateur. Un cookie est un fichier de petite taille, qui ne permet pas l\u2019identification de l\u2019utilisateur, mais qui enregistre des informations relatives \u00e0 la navigation d\u2019un ordinateur sur un site. Les donn\u00e9es ainsi obtenues visent \u00e0 faciliter la navigation ult\u00e9rieure sur le site, et ont \u00e9galement vocation \u00e0 permettre diverses mesures de fr\u00e9quentation. Consulter notre politique de cookie via le bouton rond en bas \u00e0 gauche de l\u2019\u00e9cran.<\/p>\n<p><\/p>\n<h4 class=\"elementor-heading-title elementor-size-default wp-block-heading\"><strong>Vos droits concernant les donn\u00e9es personnelles<\/strong><\/h4>\n<p><\/p>\n<p>Vous avez le droit de consultation, demande de modification ou d\u2019effacement sur l\u2019ensemble de vos donn\u00e9es personnelles. Vous pouvez \u00e9galement retirer votre consentement au traitement de vos donn\u00e9es.<\/p>\n<p><\/p>\n<h4 class=\"elementor-heading-title elementor-size-default wp-block-heading\"><strong><span class=\"wp-block-heading\">Contact d\u00e9l\u00e9gu\u00e9 \u00e0 la protection des donn\u00e9es<\/span><\/strong><\/h4>\n<p><\/p>\n<p>Antoine D\u00c9SORMAIS<\/p>\n<p><\/p>\n<\/div><\/div><div  class=\"tatsu-module tatsu-normal-button tatsu-button-wrap align-block block-left  tatsu-rJ4EJSteyg button-transform  \"><a class=\"tatsu-shortcode largebtn tatsu-button left-icon   tatsu-animate  bg-animation-none  \" href=\"https:\/\/www.basalteconstruction.com\/index.php\/contact\/\" style= \"\" data-animation=\"fadeInUp\" data-animation-delay=\"30\" data-animation-duration=\"914\" aria-label=\"CONTACT\" data-gdpr-atts={} ><i class=\"tatsu-icon fa fa-envelope-o\"><\/i>CONTACT<\/a><style>.tatsu-rJ4EJSteyg .tatsu-button{background-color: rgba(164,166,152,1);color: #ffffff ;}.tatsu-rJ4EJSteyg .tatsu-button:hover{background-color: rgba(13,13,13,1);}<\/style><\/div><\/div><\/div><div class = \"tatsu-column-bg-image-wrap\"><div class = \"tatsu-column-bg-image\" ><\/div><\/div><div class=\"tatsu-overlay tatsu-column-overlay tatsu-animate-none\" ><\/div><\/div><style>.tatsu-row > .tatsu-ry3_kBtg1g.tatsu-column{width: 100%;}.tatsu-ry3_kBtg1g.tatsu-column > .tatsu-column-inner > .tatsu-column-overlay{mix-blend-mode: normal;}.tatsu-ry3_kBtg1g > .tatsu-column-inner > .tatsu-top-divider{z-index: 9999;}.tatsu-ry3_kBtg1g > .tatsu-column-inner > .tatsu-bottom-divider{z-index: 9999;}.tatsu-ry3_kBtg1g > .tatsu-column-inner > .tatsu-left-divider{z-index: 9999;}.tatsu-ry3_kBtg1g > .tatsu-column-inner > .tatsu-right-divider{z-index: 9999;}@media only screen and (max-width:1377px) {.tatsu-row > .tatsu-ry3_kBtg1g.tatsu-column{width: 100%;}}@media only screen and (min-width:768px) and (max-width: 1024px) {.tatsu-row > .tatsu-ry3_kBtg1g.tatsu-column{width: 100%;}}@media only screen and (max-width: 767px) {.tatsu-row > .tatsu-ry3_kBtg1g.tatsu-column{width: 100%;}}<\/style><\/div><\/div><\/div><\/div><div class=\"tatsu-section-background-wrap\"><div class = \"tatsu-section-background\" ><\/div><\/div><div class=\"tatsu-overlay tatsu-section-overlay\"><\/div><style>.tatsu-B1WhOJStlyl .tatsu-section-pad{padding: 90px 400px 90px 400px;}.tatsu-B1WhOJStlyl .tatsu-section-offset-wrap{transform: translateY(-0px);}.tatsu-B1WhOJStlyl > .tatsu-bottom-divider{z-index: 9999;}.tatsu-B1WhOJStlyl > .tatsu-top-divider{z-index: 9999;}.tatsu-B1WhOJStlyl .tatsu-section-overlay{mix-blend-mode: normal;}@media only screen and (max-width: 767px) {.tatsu-B1WhOJStlyl .tatsu-section-pad{padding: 90px 0px 90px 0px;}}<\/style><\/div>","protected":false},"excerpt":{"rendered":"<p><a href=\"https:\/\/www.basalteconstruction.com\/index.php\/politique-de-confidentialite\/\" class=\"more-link style2-button\">Read More<\/a><\/p>","protected":false},"author":1,"featured_media":0,"parent":0,"menu_order":0,"comment_status":"closed","ping_status":"closed","template":"","meta":{"footnotes":""},"class_list":["post-3","page","type-page","status-publish","hentry"],"_links":{"self":[{"href":"https:\/\/www.basalteconstruction.com\/index.php\/wp-json\/wp\/v2\/pages\/3","targetHints":{"allow":["GET"]}}],"collection":[{"href":"https:\/\/www.basalteconstruction.com\/index.php\/wp-json\/wp\/v2\/pages"}],"about":[{"href":"https:\/\/www.basalteconstruction.com\/index.php\/wp-json\/wp\/v2\/types\/page"}],"author":[{"embeddable":true,"href":"https:\/\/www.basalteconstruction.com\/index.php\/wp-json\/wp\/v2\/users\/1"}],"replies":[{"embeddable":true,"href":"https:\/\/www.basalteconstruction.com\/index.php\/wp-json\/wp\/v2\/comments?post=3"}],"version-history":[{"count":51,"href":"https:\/\/www.basalteconstruction.com\/index.php\/wp-json\/wp\/v2\/pages\/3\/revisions"}],"predecessor-version":[{"id":4979,"href":"https:\/\/www.basalteconstruction.com\/index.php\/wp-json\/wp\/v2\/pages\/3\/revisions\/4979"}],"wp:attachment":[{"href":"https:\/\/www.basalteconstruction.com\/index.php\/wp-json\/wp\/v2\/media?parent=3"}],"curies":[{"name":"wp","href":"https:\/\/api.w.org\/{rel}","templated":true}]}}